{"id":324,"date":"2024-05-27T15:36:16","date_gmt":"2024-05-27T13:36:16","guid":{"rendered":"https:\/\/srev.fr\/?page_id=324"},"modified":"2024-06-10T11:38:25","modified_gmt":"2024-06-10T09:38:25","slug":"servir","status":"publish","type":"page","link":"https:\/\/srev.fr\/index.php\/servir\/","title":{"rendered":"SERVIR"},"content":{"rendered":"\n<p class=\"has-text-align-center has-medium-font-size\">Vos \u00e9quipes sont d\u00e9motiv\u00e9es? Vos collaborateurs d\u00e9pensent plus d&rsquo;\u00e9nergie en inimiti\u00e9s qu&rsquo;\u00e0 cr\u00e9er de la valeur pour votre entreprise? Votre adolescent peine \u00e0 trouver sa place? Vous \u00eates avocat et vous luttez contre votre peur de parler en public avant chaque plaidoirie? Vous devez g\u00e9rez un groupe de jeunes enfants mais vous ne parvenez pas \u00e0 canaliser leurs \u00e9nergies? <\/p>\n\n\n\n<p class=\"has-text-align-center has-medium-font-size\">Il y a nombre de th\u00e9matiques que l&rsquo;on ne peut aborder et r\u00e9soudre de mani\u00e8re frontale. Car de cette fa\u00e7on, malgr\u00e9 toute bonne volont\u00e9, on s&rsquo;y casse le nez! <br><strong>J&rsquo;ai rencontr\u00e9 un jour un grand homme du coin de la rue, qui me disait avec beaucoup de sagesse que la vie \u00e9tait comme une partie de billard<\/strong>. Pour rentrer certains boules inaccessibles ou prendre l&rsquo;ascendant sur l&rsquo;adversaire, \u00ab\u00a0tu dois <strong>jouer par la bande<\/strong>\u00ab\u00a0. Je n&rsquo;ai jamais oubli\u00e9 cette le\u00e7on et d\u00e8s lors, je me suis d\u00e9lect\u00e9e \u00e0 d\u00e9nouer des situations complexes, en trouvant ce meilleur coup&#8230; par la voie d\u00e9tourn\u00e9e.<\/p>\n\n\n\n<p class=\"has-text-align-center has-medium-font-size\">Alors bien s\u00fbr, j&rsquo;ai envie de vous dire&#8230; pour requinquer une \u00e9quipe de coll\u00e8gues en mal de dynamique positive&#8230;proposez un <strong>Team Building<\/strong> ! &#8230; Pour remonter le moral d&rsquo;un enfant \u00e0 l&rsquo;h\u00f4pital&#8230; apportez du<strong> rire<\/strong> ! Pour lever la pression de parler en public&#8230; boostez la <strong>confiance en soi <\/strong>! \u00c0 toutes ces options, je r\u00e9ponds:\u00a0\u00bb <strong>Oui, oui, oui &#8230; mais PAS QUE !\u00a0\u00bb<\/strong><br>Parce que \u00e7a ne suffit pas ! Parce que \u00e7a ne dure pas !<br>En revanche, il y a des bandes qui offrent des trajectoires bien plus subtiles \u00e0 explorer et qui marquent de l&#8217;empreinte ind\u00e9l\u00e9bile du coup gagnant ! Et gagner ce n&rsquo;est pas rendre l&rsquo;autre perdant, c&rsquo;est se transformer durablement et \u00e9lever l&rsquo;ensemble.<\/p>\n\n\n\n<p class=\"has-text-align-center has-medium-font-size\">Dans tous les challenges personnels et collectifs, se cache toujours une cause universelle bien plus gratifiante !<\/p>\n\n\n\n<p class=\"has-text-align-center has-medium-font-size\"><a href=\"https:\/\/srev.fr\/index.php\/contact-4\/\" data-type=\"page\" data-id=\"286\">Contactez-moi<\/a> pour jouer votre meilleure partie !<br><\/p>\n\n\n\n<hr class=\"wp-block-separator has-alpha-channel-opacity\"\/>\n\n\n\n<h2 class=\"wp-block-heading\">PROJET P\u00c9DAGOGIQUE AU MUS\u00c9E<\/h2>\n\n\n\n<figure class=\"wp-block-image size-full\"><img fetchpriority=\"high\" decoding=\"async\" width=\"993\" height=\"518\" src=\"http:\/\/srev.fr\/wp-content\/uploads\/2024\/05\/2023.2.2_a.jpg\" alt=\"\" class=\"wp-image-330\" srcset=\"https:\/\/srev.fr\/wp-content\/uploads\/2024\/05\/2023.2.2_a.jpg 993w, https:\/\/srev.fr\/wp-content\/uploads\/2024\/05\/2023.2.2_a-300x156.jpg 300w, https:\/\/srev.fr\/wp-content\/uploads\/2024\/05\/2023.2.2_a-768x401.jpg 768w\" sizes=\"(max-width: 993px) 100vw, 993px\" \/><\/figure>\n\n\n\n<p class=\"has-medium-font-size\"><strong>HISTOIRES D&rsquo;ART 2024 &#8211; SAISON 3<\/strong><\/p>\n\n\n\n<p class=\"has-text-align-center has-medium-font-size\">En partenariat avec le D\u00e9partement 06, et \u00e0 l&rsquo;initiative du Mus\u00e9e des Arts Asiatiques de Nice, ce projet p\u00e9dagogique propose \u00e0 des groupes d&rsquo;enfants d&rsquo;\u00e9crire, improviser, jouer puis enregistrer des cr\u00e9ations audio, mont\u00e9s en studio. Elles sont ensuite diffus\u00e9es au mus\u00e9e, devant les \u0153uvres choisies par les enfants. Cette 3\u00e8me saison ent\u00e9rine ainsi un projet novateur qui remet le vivant au c\u0153ur du Mus\u00e9e et implique des enfants parfois d\u00e9s\u0153uvr\u00e9s \u00e0 retrouver le chemin de l\u2019\u0153uvre&#8230; pr\u00e9cis\u00e9ment.<\/p>\n\n\n\n<p class=\"has-text-align-center has-medium-font-size\">Leur proposition est parfois saisissante. En exemple ci-dessous, l&rsquo;audio 2024 consacr\u00e9 au paravent repr\u00e9sentant d&rsquo;un cerisier mill\u00e9naire&#8230; Plus d&rsquo;audios sur le <a href=\"https:\/\/maa.departement06.fr\/activites\/projets-pedagogiques-38378.html\">lien suivant.<\/a><\/p>\n\n\n\n<figure class=\"wp-block-audio\"><audio controls src=\"https:\/\/srev.fr\/wp-content\/uploads\/2024\/05\/Larbre-cerisier-2024.mp3\"><\/audio><figcaption class=\"wp-element-caption\"><em>L&rsquo;arbre cerisier @Mus\u00e9e des Arts Asiatiques 2024<\/em> <em>par Rayana 18 ans<\/em><\/figcaption><\/figure>\n\n\n\n<hr class=\"wp-block-separator has-alpha-channel-opacity\"\/>\n\n\n\n<h2 class=\"wp-block-heading\">ACCOMPAGNEMENT ENTREPRISES ET INSTITUTIONS<\/h2>\n\n\n\n<p class=\"has-medium-font-size\">Les projets sont mont\u00e9s sur mesure, pour des r\u00e9sultats effectifs.<\/p>\n\n\n\n<p class=\"has-medium-font-size\">NOUS CONSULTER POUR TOUTE DEMANDE<\/p>\n\n\n\n<hr class=\"wp-block-separator has-alpha-channel-opacity\"\/>\n\n\n\n<h2 class=\"wp-block-heading\">CLOWN \u00c0 L\u2019H\u00d4PITAL<\/h2>\n\n\n\n<p class=\"has-medium-font-size\">Un mot sur le m\u00e9tier de <strong>clown \u00e0 l&rsquo;h\u00f4pital<\/strong>. J&rsquo;ai rencontr\u00e9 la <a href=\"https:\/\/larondedesclowns.org\/\">Ronde des clowns<\/a> en 2016 et j&rsquo;ai eu la joie et le privil\u00e8ge de travailler avec eux, aupr\u00e8s des enfants malades. <br>Quand on pense au clown, on pense au rire. Et en effet, le <strong>rire<\/strong> est un puissant alli\u00e9 pour arpenter plus l\u00e9g\u00e8rement le pays du d\u00e9sespoir, tant pour les malades, que pour leurs proches. Mais le clown est un personnage bien plus subtil qu&rsquo;il en a l&rsquo;air: ce qui le caract\u00e9rise surtout, c&rsquo;est qu&rsquo;il est <strong>vuln\u00e9rable<\/strong>. Et il est vuln\u00e9rable, parce qu&rsquo;il est <strong>absolument sensible<\/strong>. Il est sensible sans concession, et c&rsquo;est cette sensibilit\u00e9 qui le rend tour \u00e0 tour fragile, maladroit, dr\u00f4le, po\u00e9tique, touchant, insupportable, inqui\u00e9tant ou m\u00eame myst\u00e9rieux. <br>Je veux rendre ici hommage \u00e0 ce h\u00e9ros, qui, quoi qu&rsquo;il exp\u00e9rimente: se noyer dans une flaque, prendre une porte en voulant gober une bulle, chanter faux la chanson dont il ignore les paroles, \u00eatre heureux d&rsquo;une m\u00e9chancet\u00e9 qu&rsquo;on lui inflige&#8230; il finira toujours par un <strong>exploit<\/strong> ! Oui&#8230; observez le bien: <strong>le clown triomphe toujours<\/strong> ! <br>Et l&rsquo;\u00e9ventail des moyens qu&rsquo;il d\u00e9ploie est d&rsquo;une extr\u00eame richesse pour nous tous. C&rsquo;est une source d&rsquo;inspiration, de vitalit\u00e9 et de gu\u00e9rison. <br>Le clown \u00e0 l&rsquo;h\u00f4pital ne soulage pas seulement parce qu&rsquo;il fait rire, il gu\u00e9rit litt\u00e9ralement, parce qu&rsquo;il est divinement humain et n&rsquo;a aucun doute en ses ressources! <br>Longue vie au clown ! et par tous les moyens, \u00e0 notre tour, soutenons son action!<\/p>\n\n\n\n<hr class=\"wp-block-separator has-alpha-channel-opacity\"\/>\n\n\n\n<h2 class=\"wp-block-heading\">ACCOMPAGNEMENT SP\u00c9CIFIQUE<\/h2>\n\n\n\n<p class=\"has-medium-font-size\">Tout est possible! Ne jetez pas l&rsquo;\u00e9ponge, <a href=\"https:\/\/srev.fr\/index.php\/contact-4\/\" data-type=\"page\" data-id=\"286\">appelez<\/a> moi !<\/p>\n\n\n<div class=\"wp-block-image\">\n<figure class=\"aligncenter size-large is-resized\"><img decoding=\"async\" width=\"1024\" height=\"537\" src=\"https:\/\/srev.fr\/wp-content\/uploads\/2024\/05\/406863023_2418213811709608_1502464188779512537_n-1024x537.jpg\" alt=\"\" class=\"wp-image-354\" style=\"width:389px;height:auto\" srcset=\"https:\/\/srev.fr\/wp-content\/uploads\/2024\/05\/406863023_2418213811709608_1502464188779512537_n-1024x537.jpg 1024w, https:\/\/srev.fr\/wp-content\/uploads\/2024\/05\/406863023_2418213811709608_1502464188779512537_n-300x157.jpg 300w, https:\/\/srev.fr\/wp-content\/uploads\/2024\/05\/406863023_2418213811709608_1502464188779512537_n-768x403.jpg 768w, https:\/\/srev.fr\/wp-content\/uploads\/2024\/05\/406863023_2418213811709608_1502464188779512537_n-1536x806.jpg 1536w, https:\/\/srev.fr\/wp-content\/uploads\/2024\/05\/406863023_2418213811709608_1502464188779512537_n.jpg 2037w\" sizes=\"(max-width: 1024px) 100vw, 1024px\" \/><\/figure>\n<\/div>","protected":false},"excerpt":{"rendered":"<p>Vos \u00e9quipes sont d\u00e9motiv\u00e9es? Vos collaborateurs d\u00e9pensent plus d&rsquo;\u00e9nergie en inimiti\u00e9s qu&rsquo;\u00e0 cr\u00e9er de la valeur pour votre entreprise? Votre adolescent peine \u00e0 trouver sa place? Vous \u00eates avocat et vous luttez contre votre peur de parler en public avant chaque plaidoirie? Vous devez g\u00e9rez un groupe de jeunes enfants mais vous ne parvenez pas [&hellip;]<\/p>\n","protected":false},"author":1,"featured_media":0,"parent":0,"menu_order":0,"comment_status":"closed","ping_status":"closed","template":"","meta":{"ocean_post_layout":"full-width","ocean_both_sidebars_style":"","ocean_both_sidebars_content_width":0,"ocean_both_sidebars_sidebars_width":0,"ocean_sidebar":"","ocean_second_sidebar":"","ocean_disable_margins":"enable","ocean_add_body_class":"","ocean_shortcode_before_top_bar":"","ocean_shortcode_after_top_bar":"","ocean_shortcode_before_header":"","ocean_shortcode_after_header":"","ocean_has_shortcode":"","ocean_shortcode_after_title":"","ocean_shortcode_before_footer_widgets":"","ocean_shortcode_after_footer_widgets":"","ocean_shortcode_before_footer_bottom":"","ocean_shortcode_after_footer_bottom":"","ocean_display_top_bar":"default","ocean_display_header":"default","ocean_header_style":"","ocean_center_header_left_menu":"","ocean_custom_header_template":"","ocean_custom_logo":0,"ocean_custom_retina_logo":0,"ocean_custom_logo_max_width":0,"ocean_custom_logo_tablet_max_width":0,"ocean_custom_logo_mobile_max_width":0,"ocean_custom_logo_max_height":0,"ocean_custom_logo_tablet_max_height":0,"ocean_custom_logo_mobile_max_height":0,"ocean_header_custom_menu":"","ocean_menu_typo_font_family":"","ocean_menu_typo_font_subset":"","ocean_menu_typo_font_size":0,"ocean_menu_typo_font_size_tablet":0,"ocean_menu_typo_font_size_mobile":0,"ocean_menu_typo_font_size_unit":"px","ocean_menu_typo_font_weight":"","ocean_menu_typo_font_weight_tablet":"","ocean_menu_typo_font_weight_mobile":"","ocean_menu_typo_transform":"","ocean_menu_typo_transform_tablet":"","ocean_menu_typo_transform_mobile":"","ocean_menu_typo_line_height":0,"ocean_menu_typo_line_height_tablet":0,"ocean_menu_typo_line_height_mobile":0,"ocean_menu_typo_line_height_unit":"","ocean_menu_typo_spacing":0,"ocean_menu_typo_spacing_tablet":0,"ocean_menu_typo_spacing_mobile":0,"ocean_menu_typo_spacing_unit":"","ocean_menu_link_color":"","ocean_menu_link_color_hover":"","ocean_menu_link_color_active":"","ocean_menu_link_background":"","ocean_menu_link_hover_background":"","ocean_menu_link_active_background":"","ocean_menu_social_links_bg":"","ocean_menu_social_hover_links_bg":"","ocean_menu_social_links_color":"","ocean_menu_social_hover_links_color":"","ocean_disable_title":"default","ocean_disable_heading":"default","ocean_post_title":"","ocean_post_subheading":"","ocean_post_title_style":"","ocean_post_title_background_color":"","ocean_post_title_background":0,"ocean_post_title_bg_image_position":"","ocean_post_title_bg_image_attachment":"","ocean_post_title_bg_image_repeat":"","ocean_post_title_bg_image_size":"","ocean_post_title_height":0,"ocean_post_title_bg_overlay":0.5,"ocean_post_title_bg_overlay_color":"","ocean_disable_breadcrumbs":"default","ocean_breadcrumbs_color":"","ocean_breadcrumbs_separator_color":"","ocean_breadcrumbs_links_color":"","ocean_breadcrumbs_links_hover_color":"","ocean_display_footer_widgets":"default","ocean_display_footer_bottom":"default","ocean_custom_footer_template":"","footnotes":""},"class_list":["post-324","page","type-page","status-publish","hentry","entry"],"_links":{"self":[{"href":"https:\/\/srev.fr\/index.php\/wp-json\/wp\/v2\/pages\/324","targetHints":{"allow":["GET"]}}],"collection":[{"href":"https:\/\/srev.fr\/index.php\/wp-json\/wp\/v2\/pages"}],"about":[{"href":"https:\/\/srev.fr\/index.php\/wp-json\/wp\/v2\/types\/page"}],"author":[{"embeddable":true,"href":"https:\/\/srev.fr\/index.php\/wp-json\/wp\/v2\/users\/1"}],"replies":[{"embeddable":true,"href":"https:\/\/srev.fr\/index.php\/wp-json\/wp\/v2\/comments?post=324"}],"version-history":[{"count":11,"href":"https:\/\/srev.fr\/index.php\/wp-json\/wp\/v2\/pages\/324\/revisions"}],"predecessor-version":[{"id":391,"href":"https:\/\/srev.fr\/index.php\/wp-json\/wp\/v2\/pages\/324\/revisions\/391"}],"wp:attachment":[{"href":"https:\/\/srev.fr\/index.php\/wp-json\/wp\/v2\/media?parent=324"}],"curies":[{"name":"wp","href":"https:\/\/api.w.org\/{rel}","templated":true}]}}