{"id":27,"date":"2024-03-12T10:34:12","date_gmt":"2024-03-12T09:34:12","guid":{"rendered":"https:\/\/srev.fr\/?page_id=27"},"modified":"2024-05-28T11:51:54","modified_gmt":"2024-05-28T09:51:54","slug":"edito","status":"publish","type":"page","link":"https:\/\/srev.fr\/index.php\/edito\/","title":{"rendered":"\u00c9dito"},"content":{"rendered":"\n<figure class=\"wp-block-pullquote alignwide has-medium-font-size\"><blockquote><p>Ne pensez jamais qu&rsquo;une cause est vaine<br>Cherchez y l&rsquo;impossible \u00e0 r\u00e9aliser !<\/p><\/blockquote><\/figure>\n\n\n\n<div style=\"height:25px\" aria-hidden=\"true\" class=\"wp-block-spacer\"><\/div>\n\n\n\n<div class=\"wp-block-media-text alignwide is-stacked-on-mobile is-vertically-aligned-top\" style=\"grid-template-columns:25% auto\"><figure class=\"wp-block-media-text__media\"><img fetchpriority=\"high\" decoding=\"async\" width=\"497\" height=\"1024\" src=\"https:\/\/srev.fr\/wp-content\/uploads\/2024\/05\/Sylvie-Reverchon-studio-497x1024.jpg\" alt=\"Studio voix Sylvie Reverchon SREV EDITO\" class=\"wp-image-297 size-large\" srcset=\"https:\/\/srev.fr\/wp-content\/uploads\/2024\/05\/Sylvie-Reverchon-studio-497x1024.jpg 497w, https:\/\/srev.fr\/wp-content\/uploads\/2024\/05\/Sylvie-Reverchon-studio-146x300.jpg 146w, https:\/\/srev.fr\/wp-content\/uploads\/2024\/05\/Sylvie-Reverchon-studio-768x1584.jpg 768w, https:\/\/srev.fr\/wp-content\/uploads\/2024\/05\/Sylvie-Reverchon-studio-745x1536.jpg 745w, https:\/\/srev.fr\/wp-content\/uploads\/2024\/05\/Sylvie-Reverchon-studio.jpg 776w\" sizes=\"(max-width: 497px) 100vw, 497px\" \/><\/figure><div class=\"wp-block-media-text__content\">\n<p class=\"has-text-align-left\" style=\"font-size:17px\">Bonjour et Bienvenue,<\/p>\n\n\n\n<p class=\"has-text-align-left\" style=\"font-size:17px\">Ce site est un espace de <strong>propositions<\/strong> et d&rsquo;<strong>inspiration<\/strong>.<br>Qu&rsquo;il \u00e9veille en vous le d\u00e9sir de fouler de nouveaux sentiers, de trouver d&rsquo;excitantes alternatives, d&rsquo;entendre une autre voix!<br>Qu&rsquo;il mobilise vos meilleures \u00e9nergies de changement et de cr\u00e9ation!<\/p>\n\n\n\n<p class=\"has-text-align-left\" style=\"font-size:17px\"><strong>SERVIR RAYONNER \u00c9VEILLER VIBRER.<\/strong>.. telles sont mes premi\u00e8res initiales. <br>Une fois le v\u00e9hicule lanc\u00e9 et la direction donn\u00e9e, le reste du programme est laiss\u00e9 \u00e0 l\u2019\u0153uvre, qui, pour peu que les potentiels soient \u00e9veill\u00e9s et bien canalis\u00e9s, concr\u00e9tise des <strong>possibles inattendus<\/strong> et souvent vertigineux.<\/p>\n\n\n\n<p class=\"has-text-align-left\" style=\"font-size:17px\">J&rsquo;ai travaill\u00e9 avec des enfants, des adolescents, des adultes, des <strong>individus<\/strong>, des <strong>groupes<\/strong>, parfois tr\u00e8s performants et parfois tr\u00e8s mal en point et dans toutes sortes de contextes.<br>J&rsquo;ai r\u00e9pondu \u00e0 des th\u00e9matiques diverses, en innovant, en prenant des risques, en initiant et en \u00e9tant initi\u00e9e, avec bienveillance, humilit\u00e9, curiosit\u00e9 et joie. Et toujours en recherchant l&rsquo;<strong>alternative sur mesure<\/strong> qui marque l&rsquo;avantage.<\/p>\n\n\n\n<p class=\"has-text-align-left\" style=\"font-size:17px\">Je crois en ces potentiels qui sommeillent en chaque individu et groupe, et les ai toujours vus s&rsquo;accomplir pour peu qu&rsquo;on active le levier qui les propulse.<\/p>\n\n\n\n<p class=\"has-text-align-left\" style=\"font-size:17px\">C&rsquo;est mon pouvoir et ma mission, et je vous propose de les partager.<\/p>\n\n\n\n<p class=\"has-text-align-left\" style=\"font-size:17px\">Bonne visite sur ce site et au cours du parcours, je vous invite \u00e0 me <a href=\"https:\/\/srev.fr\/index.php\/contact\/\" data-type=\"page\" data-id=\"286\">contacter<\/a> !<\/p>\n<\/div><\/div>\n\n\n\n<figure class=\"wp-block-image alignwide size-full\"><img decoding=\"async\" width=\"728\" height=\"90\" src=\"http:\/\/srev.fr\/wp-content\/uploads\/2024\/03\/signature-srev-1.jpg\" alt=\"SREV \n\" class=\"wp-image-75\" srcset=\"https:\/\/srev.fr\/wp-content\/uploads\/2024\/03\/signature-srev-1.jpg 728w, https:\/\/srev.fr\/wp-content\/uploads\/2024\/03\/signature-srev-1-300x37.jpg 300w\" sizes=\"(max-width: 728px) 100vw, 728px\" \/><\/figure>\n","protected":false},"excerpt":{"rendered":"<p>Ne pensez jamais qu&rsquo;une cause est vaineCherchez y l&rsquo;impossible \u00e0 r\u00e9aliser ! Bonjour et Bienvenue, Ce site est un espace de propositions et d&rsquo;inspiration.Qu&rsquo;il \u00e9veille en vous le d\u00e9sir de fouler de nouveaux sentiers, de trouver d&rsquo;excitantes alternatives, d&rsquo;entendre une autre voix!Qu&rsquo;il mobilise vos meilleures \u00e9nergies de changement et de cr\u00e9ation! SERVIR RAYONNER \u00c9VEILLER VIBRER&#8230; [&hellip;]<\/p>\n","protected":false},"author":1,"featured_media":0,"parent":0,"menu_order":0,"comment_status":"closed","ping_status":"closed","template":"elementor_theme","meta":{"ocean_post_layout":"full-width","ocean_both_sidebars_style":"","ocean_both_sidebars_content_width":0,"ocean_both_sidebars_sidebars_width":0,"ocean_sidebar":"","ocean_second_sidebar":"","ocean_disable_margins":"enable","ocean_add_body_class":"","ocean_shortcode_before_top_bar":"","ocean_shortcode_after_top_bar":"","ocean_shortcode_before_header":"","ocean_shortcode_after_header":"","ocean_has_shortcode":"","ocean_shortcode_after_title":"","ocean_shortcode_before_footer_widgets":"","ocean_shortcode_after_footer_widgets":"","ocean_shortcode_before_footer_bottom":"","ocean_shortcode_after_footer_bottom":"","ocean_display_top_bar":"default","ocean_display_header":"default","ocean_header_style":"","ocean_center_header_left_menu":"","ocean_custom_header_template":"","ocean_custom_logo":0,"ocean_custom_retina_logo":0,"ocean_custom_logo_max_width":0,"ocean_custom_logo_tablet_max_width":0,"ocean_custom_logo_mobile_max_width":0,"ocean_custom_logo_max_height":0,"ocean_custom_logo_tablet_max_height":0,"ocean_custom_logo_mobile_max_height":0,"ocean_header_custom_menu":"","ocean_menu_typo_font_family":"","ocean_menu_typo_font_subset":"","ocean_menu_typo_font_size":0,"ocean_menu_typo_font_size_tablet":0,"ocean_menu_typo_font_size_mobile":0,"ocean_menu_typo_font_size_unit":"px","ocean_menu_typo_font_weight":"","ocean_menu_typo_font_weight_tablet":"","ocean_menu_typo_font_weight_mobile":"","ocean_menu_typo_transform":"","ocean_menu_typo_transform_tablet":"","ocean_menu_typo_transform_mobile":"","ocean_menu_typo_line_height":0,"ocean_menu_typo_line_height_tablet":0,"ocean_menu_typo_line_height_mobile":0,"ocean_menu_typo_line_height_unit":"","ocean_menu_typo_spacing":0,"ocean_menu_typo_spacing_tablet":0,"ocean_menu_typo_spacing_mobile":0,"ocean_menu_typo_spacing_unit":"","ocean_menu_link_color":"","ocean_menu_link_color_hover":"","ocean_menu_link_color_active":"","ocean_menu_link_background":"","ocean_menu_link_hover_background":"","ocean_menu_link_active_background":"","ocean_menu_social_links_bg":"","ocean_menu_social_hover_links_bg":"","ocean_menu_social_links_color":"","ocean_menu_social_hover_links_color":"","ocean_disable_title":"default","ocean_disable_heading":"default","ocean_post_title":"","ocean_post_subheading":"","ocean_post_title_style":"","ocean_post_title_background_color":"","ocean_post_title_background":0,"ocean_post_title_bg_image_position":"","ocean_post_title_bg_image_attachment":"","ocean_post_title_bg_image_repeat":"","ocean_post_title_bg_image_size":"","ocean_post_title_height":0,"ocean_post_title_bg_overlay":0.5,"ocean_post_title_bg_overlay_color":"","ocean_disable_breadcrumbs":"default","ocean_breadcrumbs_color":"","ocean_breadcrumbs_separator_color":"","ocean_breadcrumbs_links_color":"","ocean_breadcrumbs_links_hover_color":"","ocean_display_footer_widgets":"default","ocean_display_footer_bottom":"default","ocean_custom_footer_template":"","footnotes":""},"class_list":["post-27","page","type-page","status-publish","hentry","entry"],"_links":{"self":[{"href":"https:\/\/srev.fr\/index.php\/wp-json\/wp\/v2\/pages\/27","targetHints":{"allow":["GET"]}}],"collection":[{"href":"https:\/\/srev.fr\/index.php\/wp-json\/wp\/v2\/pages"}],"about":[{"href":"https:\/\/srev.fr\/index.php\/wp-json\/wp\/v2\/types\/page"}],"author":[{"embeddable":true,"href":"https:\/\/srev.fr\/index.php\/wp-json\/wp\/v2\/users\/1"}],"replies":[{"embeddable":true,"href":"https:\/\/srev.fr\/index.php\/wp-json\/wp\/v2\/comments?post=27"}],"version-history":[{"count":12,"href":"https:\/\/srev.fr\/index.php\/wp-json\/wp\/v2\/pages\/27\/revisions"}],"predecessor-version":[{"id":353,"href":"https:\/\/srev.fr\/index.php\/wp-json\/wp\/v2\/pages\/27\/revisions\/353"}],"wp:attachment":[{"href":"https:\/\/srev.fr\/index.php\/wp-json\/wp\/v2\/media?parent=27"}],"curies":[{"name":"wp","href":"https:\/\/api.w.org\/{rel}","templated":true}]}}