{"id":188,"date":"2024-03-13T15:13:29","date_gmt":"2024-03-13T14:13:29","guid":{"rendered":"https:\/\/srev.fr\/?page_id=188"},"modified":"2024-06-10T11:33:23","modified_gmt":"2024-06-10T09:33:23","slug":"vibrer","status":"publish","type":"page","link":"https:\/\/srev.fr\/index.php\/vibrer\/","title":{"rendered":"VIBRER"},"content":{"rendered":"\n<h2 class=\"wp-block-heading has-vivid-red-color has-text-color has-link-color wp-elements-178a081781a0a7b7854203eb8721241d\" style=\"font-size:24px\">MES BANDES D\u00c9MO VOIX<\/h2>\n\n\n\n<ul class=\"wp-block-list\">\n<li>VOIX OFF SPECTACLE <\/li>\n<\/ul>\n\n\n\n<figure class=\"wp-block-audio\"><audio controls src=\"https:\/\/srev.fr\/wp-content\/uploads\/2024\/03\/S-Reverchon-Quand-toutes-les-nuits-extrait_mixage-final.mp3\"><\/audio><figcaption class=\"wp-element-caption\">\u00ab\u00a0QUAND TOUTES LES NUITS TU DORS\u00a0\u00bb Sophie Tournier<\/figcaption><\/figure>\n\n\n\n<ul class=\"wp-block-list\">\n<li>NARRATION, LIVRES AUDIO, VOIX PERSONNAGES<\/li>\n<\/ul>\n\n\n\n<figure class=\"wp-block-audio\"><audio controls src=\"https:\/\/srev.fr\/wp-content\/uploads\/2024\/03\/Sylvie-Reverchon-VOIX-PERSONNAGES-EXTRAITS-TEXTES.-copie.mp3\"><\/audio><figcaption class=\"wp-element-caption\">Voix personnages &#8211; 00:00 Le mendiant d&rsquo; ELECTRE , 00:53 Mme Joyeuse puis 2:06 Eug\u00e9nie Salsafette de Poe, 2:41 les petites Eum\u00e9nides de Giraudoux et 3:11 le Renard du PETIT PRINCE<\/figcaption><\/figure>\n\n\n\n<figure class=\"wp-block-audio\"><audio controls src=\"https:\/\/srev.fr\/wp-content\/uploads\/2024\/03\/Madame-Bovary-neuchatel.mp3\"><\/audio><figcaption class=\"wp-element-caption\">R\u00e9cit &#8211; \u00ab\u00a0MADAME BOVARY\u00a0\u00bb Flaubert <\/figcaption><\/figure>\n\n\n\n<ul class=\"wp-block-list\">\n<li>VOIX OFF DOCUS ET REPORTAGE<\/li>\n<\/ul>\n\n\n\n<figure class=\"wp-block-audio\"><audio controls src=\"https:\/\/srev.fr\/wp-content\/uploads\/2024\/03\/Sylvie-Reverchon-VOIX-OFF-NARRATION-DOCUS.mp3\"><\/audio><figcaption class=\"wp-element-caption\">VOIX OFF NARRATION DOCUS- 00:00 ODYSSEA,  &#8211; 00:31 Narration Docu Animalier, 1:43 Black music<\/figcaption><\/figure>\n\n\n\n<figure class=\"wp-block-audio\"><audio controls src=\"https:\/\/srev.fr\/wp-content\/uploads\/2024\/03\/Sylvie-Reverchon-VOIX-OFF-REPORTAGE-TV.mp3\"><\/audio><figcaption class=\"wp-element-caption\">VOIX OFF REPORTAGE TV<\/figcaption><\/figure>\n\n\n\n<ul class=\"wp-block-list\">\n<li>VOICE OVER<\/li>\n<\/ul>\n\n\n\n<figure class=\"wp-block-audio\"><audio controls src=\"https:\/\/srev.fr\/wp-content\/uploads\/2024\/03\/Sylvie-Reverchon-VOICE-OVER-DOCU-et-REALITY-SHOWS.mp3\"><\/audio><figcaption class=\"wp-element-caption\">0:00 VOICE OVER DOCU &#8211; 00:47 SPARTAN RACE &#8211; 1:59 REALITY SHOW<\/figcaption><\/figure>\n\n\n\n<h2 class=\"wp-block-heading has-vivid-red-color has-text-color has-link-color wp-elements-ef080eb415b30d7d31eedbfbb4398e26\" style=\"font-size:26px\">L&rsquo;ANTRE<\/h2>\n\n\n\n<div class=\"wp-block-media-text is-stacked-on-mobile\" style=\"grid-template-columns:38% auto\"><figure class=\"wp-block-media-text__media\"><img fetchpriority=\"high\" decoding=\"async\" width=\"1024\" height=\"743\" src=\"http:\/\/srev.fr\/wp-content\/uploads\/2024\/03\/b4ac1052-7763-42f5-a210-615ef13c22c8-1-e1710786773788-1024x743.jpg\" alt=\"ANTRE EN PLEIN DEDANS Studio SYLVIE REVERCHON SREV\" class=\"wp-image-206 size-full\" srcset=\"https:\/\/srev.fr\/wp-content\/uploads\/2024\/03\/b4ac1052-7763-42f5-a210-615ef13c22c8-1-e1710786773788-1024x743.jpg 1024w, https:\/\/srev.fr\/wp-content\/uploads\/2024\/03\/b4ac1052-7763-42f5-a210-615ef13c22c8-1-e1710786773788-300x218.jpg 300w, https:\/\/srev.fr\/wp-content\/uploads\/2024\/03\/b4ac1052-7763-42f5-a210-615ef13c22c8-1-e1710786773788-768x557.jpg 768w, https:\/\/srev.fr\/wp-content\/uploads\/2024\/03\/b4ac1052-7763-42f5-a210-615ef13c22c8-1-e1710786773788.jpg 1240w\" sizes=\"(max-width: 1024px) 100vw, 1024px\" \/><\/figure><div class=\"wp-block-media-text__content\">\n<p style=\"font-size:18px\">L&rsquo;ANTRE est un<strong> Studio d&rsquo;enregistrement<\/strong>.<br>Il est \u00e9quip\u00e9 de micros Shure SM7B et Aston Origin, ainsi qu&rsquo;un cravate AKG, un zoom H6 et un zoom H1. <br>Nous travaillons avec Adobe Audition.<br>Le Studio n&rsquo;a pas vocation \u00e0 fournir des formats d\u00e9finitifs, mais nous livrons <strong>un voix impeccablement captur\u00e9e et pr\u00e9alablement nettoy\u00e9e.<\/strong><\/p>\n<\/div><\/div>\n\n\n\n<div style=\"height:26px\" aria-hidden=\"true\" class=\"wp-block-spacer\"><\/div>\n\n\n\n<div class=\"wp-block-buttons is-content-justification-center is-layout-flex wp-container-core-buttons-is-layout-16018d1d wp-block-buttons-is-layout-flex\">\n<div class=\"wp-block-button has-custom-font-size is-style-fill\" style=\"font-size:17px\"><a class=\"wp-block-button__link has-blush-bordeaux-gradient-background has-background has-text-align-center wp-element-button\" href=\"https:\/\/srev.fr\/index.php\/contact-4\/\" style=\"border-radius:100px\">Contacter le Studio<\/a><\/div>\n<\/div>\n\n\n\n<h2 class=\"wp-block-heading has-vivid-red-color has-text-color has-link-color wp-elements-0476cba1fbbc6ed67fe69a946374c952\" style=\"font-size:24px\">LE PODCAST<\/h2>\n\n\n\n<div class=\"wp-block-media-text is-stacked-on-mobile is-vertically-aligned-center\"><figure class=\"wp-block-media-text__media\"><img decoding=\"async\" width=\"1024\" height=\"1024\" src=\"https:\/\/srev.fr\/wp-content\/uploads\/2024\/03\/EPD-GOOD-ONE-ANTREVOIX-SYLVIE-R-EN-PLEIN-DEDANS-1-1024x1024.jpg\" alt=\"PODCAST EN PLEIN DEDANS Srev Sylvie Reverchon\" class=\"wp-image-208 size-full\" srcset=\"https:\/\/srev.fr\/wp-content\/uploads\/2024\/03\/EPD-GOOD-ONE-ANTREVOIX-SYLVIE-R-EN-PLEIN-DEDANS-1-1024x1024.jpg 1024w, https:\/\/srev.fr\/wp-content\/uploads\/2024\/03\/EPD-GOOD-ONE-ANTREVOIX-SYLVIE-R-EN-PLEIN-DEDANS-1-300x300.jpg 300w, https:\/\/srev.fr\/wp-content\/uploads\/2024\/03\/EPD-GOOD-ONE-ANTREVOIX-SYLVIE-R-EN-PLEIN-DEDANS-1-150x150.jpg 150w, https:\/\/srev.fr\/wp-content\/uploads\/2024\/03\/EPD-GOOD-ONE-ANTREVOIX-SYLVIE-R-EN-PLEIN-DEDANS-1-768x768.jpg 768w, https:\/\/srev.fr\/wp-content\/uploads\/2024\/03\/EPD-GOOD-ONE-ANTREVOIX-SYLVIE-R-EN-PLEIN-DEDANS-1-1536x1536.jpg 1536w, https:\/\/srev.fr\/wp-content\/uploads\/2024\/03\/EPD-GOOD-ONE-ANTREVOIX-SYLVIE-R-EN-PLEIN-DEDANS-1-2048x2048.jpg 2048w, https:\/\/srev.fr\/wp-content\/uploads\/2024\/03\/EPD-GOOD-ONE-ANTREVOIX-SYLVIE-R-EN-PLEIN-DEDANS-1-600x600.jpg 600w\" sizes=\"(max-width: 1024px) 100vw, 1024px\" \/><\/figure><div class=\"wp-block-media-text__content\">\n<blockquote class=\"wp-block-quote is-layout-flow wp-block-quote-is-layout-flow\">\n<p style=\"font-size:18px\">Tant de choses \u00e0 vivre dans un seul instant&#8230;<br>Qu&rsquo;un seul instant ne saurait y suffire.<\/p>\n<\/blockquote>\n\n\n\n<p class=\"has-text-align-left\" style=\"font-size:18px\"><strong>EN PLEIN DEDANS<\/strong> est un <strong>journal intime public.<\/strong><br>Il invite \u00e0 savourer la richesse de l&rsquo;instant pr\u00e9sent et y partage l&rsquo;intime. <\/p>\n\n\n\n<p class=\"has-text-align-left\" style=\"font-size:18px\">Il offre un moment hors du monde et du temps, tout en y \u00e9tant profond\u00e9ment ancr\u00e9. <br>Laissez vous happer par la voix r\u00e9confortante et plongez EN PLEIN DEDANS !<\/p>\n\n\n\n<p class=\"has-text-align-left\" style=\"font-size:18px\">\u00c0 Suivre sur votre plateforme pr\u00e9f\u00e9r\u00e9e&#8230;<\/p>\n<\/div><\/div>\n\n\n\n<div style=\"height:26px\" aria-hidden=\"true\" class=\"wp-block-spacer\"><\/div>\n\n\n\n<div class=\"wp-block-buttons is-content-justification-center is-layout-flex wp-container-core-buttons-is-layout-16018d1d wp-block-buttons-is-layout-flex\">\n<div class=\"wp-block-button has-custom-width wp-block-button__width-25 has-custom-font-size\" style=\"font-size:17px\"><a class=\"wp-block-button__link has-black-background-color has-background wp-element-button\" href=\"https:\/\/smartlink.ausha.co\/en-plein-dedans\" target=\"_blank\" rel=\"noreferrer noopener\">EN PLEIN DEDANS<\/a><\/div>\n<\/div>\n","protected":false},"excerpt":{"rendered":"<p>MES BANDES D\u00c9MO VOIX L&rsquo;ANTRE L&rsquo;ANTRE est un Studio d&rsquo;enregistrement.Il est \u00e9quip\u00e9 de micros Shure SM7B et Aston Origin, ainsi qu&rsquo;un cravate AKG, un zoom H6 et un zoom H1. Nous travaillons avec Adobe Audition.Le Studio n&rsquo;a pas vocation \u00e0 fournir des formats d\u00e9finitifs, mais nous livrons un voix impeccablement captur\u00e9e et pr\u00e9alablement nettoy\u00e9e. LE [&hellip;]<\/p>\n","protected":false},"author":1,"featured_media":0,"parent":0,"menu_order":0,"comment_status":"closed","ping_status":"closed","template":"","meta":{"ocean_post_layout":"full-width","ocean_both_sidebars_style":"","ocean_both_sidebars_content_width":0,"ocean_both_sidebars_sidebars_width":0,"ocean_sidebar":"","ocean_second_sidebar":"","ocean_disable_margins":"enable","ocean_add_body_class":"","ocean_shortcode_before_top_bar":"","ocean_shortcode_after_top_bar":"","ocean_shortcode_before_header":"","ocean_shortcode_after_header":"","ocean_has_shortcode":"","ocean_shortcode_after_title":"","ocean_shortcode_before_footer_widgets":"","ocean_shortcode_after_footer_widgets":"","ocean_shortcode_before_footer_bottom":"","ocean_shortcode_after_footer_bottom":"","ocean_display_top_bar":"default","ocean_display_header":"default","ocean_header_style":"","ocean_center_header_left_menu":"","ocean_custom_header_template":"","ocean_custom_logo":0,"ocean_custom_retina_logo":0,"ocean_custom_logo_max_width":0,"ocean_custom_logo_tablet_max_width":0,"ocean_custom_logo_mobile_max_width":0,"ocean_custom_logo_max_height":0,"ocean_custom_logo_tablet_max_height":0,"ocean_custom_logo_mobile_max_height":0,"ocean_header_custom_menu":"","ocean_menu_typo_font_family":"","ocean_menu_typo_font_subset":"","ocean_menu_typo_font_size":0,"ocean_menu_typo_font_size_tablet":0,"ocean_menu_typo_font_size_mobile":0,"ocean_menu_typo_font_size_unit":"px","ocean_menu_typo_font_weight":"","ocean_menu_typo_font_weight_tablet":"","ocean_menu_typo_font_weight_mobile":"","ocean_menu_typo_transform":"","ocean_menu_typo_transform_tablet":"","ocean_menu_typo_transform_mobile":"","ocean_menu_typo_line_height":0,"ocean_menu_typo_line_height_tablet":0,"ocean_menu_typo_line_height_mobile":0,"ocean_menu_typo_line_height_unit":"","ocean_menu_typo_spacing":0,"ocean_menu_typo_spacing_tablet":0,"ocean_menu_typo_spacing_mobile":0,"ocean_menu_typo_spacing_unit":"","ocean_menu_link_color":"","ocean_menu_link_color_hover":"","ocean_menu_link_color_active":"","ocean_menu_link_background":"","ocean_menu_link_hover_background":"","ocean_menu_link_active_background":"","ocean_menu_social_links_bg":"","ocean_menu_social_hover_links_bg":"","ocean_menu_social_links_color":"","ocean_menu_social_hover_links_color":"","ocean_disable_title":"default","ocean_disable_heading":"default","ocean_post_title":"","ocean_post_subheading":"","ocean_post_title_style":"","ocean_post_title_background_color":"","ocean_post_title_background":0,"ocean_post_title_bg_image_position":"","ocean_post_title_bg_image_attachment":"","ocean_post_title_bg_image_repeat":"","ocean_post_title_bg_image_size":"","ocean_post_title_height":0,"ocean_post_title_bg_overlay":0.5,"ocean_post_title_bg_overlay_color":"","ocean_disable_breadcrumbs":"default","ocean_breadcrumbs_color":"","ocean_breadcrumbs_separator_color":"","ocean_breadcrumbs_links_color":"","ocean_breadcrumbs_links_hover_color":"","ocean_display_footer_widgets":"default","ocean_display_footer_bottom":"default","ocean_custom_footer_template":"","footnotes":""},"class_list":["post-188","page","type-page","status-publish","hentry","entry"],"_links":{"self":[{"href":"https:\/\/srev.fr\/index.php\/wp-json\/wp\/v2\/pages\/188","targetHints":{"allow":["GET"]}}],"collection":[{"href":"https:\/\/srev.fr\/index.php\/wp-json\/wp\/v2\/pages"}],"about":[{"href":"https:\/\/srev.fr\/index.php\/wp-json\/wp\/v2\/types\/page"}],"author":[{"embeddable":true,"href":"https:\/\/srev.fr\/index.php\/wp-json\/wp\/v2\/users\/1"}],"replies":[{"embeddable":true,"href":"https:\/\/srev.fr\/index.php\/wp-json\/wp\/v2\/comments?post=188"}],"version-history":[{"count":15,"href":"https:\/\/srev.fr\/index.php\/wp-json\/wp\/v2\/pages\/188\/revisions"}],"predecessor-version":[{"id":384,"href":"https:\/\/srev.fr\/index.php\/wp-json\/wp\/v2\/pages\/188\/revisions\/384"}],"wp:attachment":[{"href":"https:\/\/srev.fr\/index.php\/wp-json\/wp\/v2\/media?parent=188"}],"curies":[{"name":"wp","href":"https:\/\/api.w.org\/{rel}","templated":true}]}}